{"id":611,"date":"2022-08-25T10:08:20","date_gmt":"2022-08-25T10:08:20","guid":{"rendered":"http:\/\/trgovina.arhi-biro.si\/?page_id=611"},"modified":"2022-09-14T11:11:48","modified_gmt":"2022-09-14T11:11:48","slug":"pogoji-poslovanja","status":"publish","type":"page","link":"https:\/\/www.arhi-biro.com\/trgovina\/pogoji-poslovanja\/","title":{"rendered":"Pogoji poslovanja"},"content":{"rendered":"\n\n  <div class=\"banner has-hover\" id=\"banner-221544460\">\n          <div class=\"banner-inner fill\">\n        <div class=\"banner-bg fill\" >\n            <div class=\"bg fill bg-fill \"><\/div>\n                        <div class=\"overlay\"><\/div>            \n                    <\/div>\n\t\t\n        <div class=\"banner-layers container\">\n            <div class=\"fill banner-link\"><\/div>            \n\n   <div id=\"text-box-1426806954\" class=\"text-box banner-layer x50 md-x50 lg-x50 y50 md-y50 lg-y50 res-text\">\n                     <div data-animate=\"flipInY\">           <div class=\"text-box-content text dark\">\n              \n              <div class=\"text-inner text-center\">\n                  \n\n<div class=\"is-divider divider clearfix\" style=\"margin-top:0px;margin-bottom:0px;max-width:50px;\"><\/div>\n\n\t<div id=\"text-113377925\" class=\"text\">\n\t\t\n\n<h2>Pogoji poslovanja<\/h2>\n\t\t\n<style>\n#text-113377925 {\n  font-size: 1.4rem;\n}\n<\/style>\n\t<\/div>\n\t\n\n              <\/div>\n           <\/div>\n       <\/div>                     \n<style>\n#text-box-1426806954 {\n  width: 65%;\n}\n#text-box-1426806954 .text-box-content {\n  font-size: 100%;\n}\n<\/style>\n    <\/div>\n \n\n        <\/div>\n      <\/div>\n\n            \n<style>\n#banner-221544460 {\n  padding-top: 650px;\n}\n#banner-221544460 .bg.bg-loaded {\n  background-image: 1022;\n}\n#banner-221544460 .overlay {\n  background-color: rgba(0, 0, 0, 0.6);\n}\n#banner-221544460 .bg {\n  background-position: 60% 54%;\n}\n#banner-221544460 .ux-shape-divider--top svg {\n  height: 150px;\n  --divider-top-width: 100%;\n}\n#banner-221544460 .ux-shape-divider--bottom svg {\n  height: 150px;\n  --divider-width: 100%;\n}\n<\/style>\n  <\/div>\n\n\n\t<section class=\"section\" id=\"section_1228820992\">\n\t\t<div class=\"bg section-bg fill bg-fill  bg-loaded\" >\n\n\t\t\t\n\t\t\t\n\t\t\t\n\n\t\t<\/div>\n\n\t\t\n\n\t\t<div class=\"section-content relative\">\n\t\t\t\n\n<div class=\"row row-large\"  id=\"row-721334671\">\n\n\n\t<div id=\"col-251001257\" class=\"col small-12 large-12\"  >\n\t\t\t\t<div class=\"col-inner text-left\"  >\n\t\t\t\n\t\t\t\n\n\t<div id=\"text-2047041494\" class=\"text\">\n\t\t\n\n<h1>Splo\u0161ni pogoji poslovanja<\/h1>\n<p>Z UPORABO TE SPLETNE STRANI SE STRINJATE Z NASLEDNJIMI POGOJI:<\/p>\n<p>Va\u0161 dostop do in uporaba spletne strani www.arhi-biro.com\/trgovina in arhi-biro.com (v nadaljevanju Stran), so predmet naslednjih Pogojev uporabe, ki so skladni z vsemi zakoni in predpisi. Z dostopom do strani in njeno uporabo sprejemate, brez omejitev ali prilagoditev, te Pogoje uporabe ter potrjujete, da se vsi drugi dogovori med vami in podjetjem ARHI-BIRO d. o. O. prilagodijo glede na to vsebino. \u010ce se ne strinjate in ne sprejmete pogojev brez omejitev in kvalifikacije, vas prosimo, da stran zapustite.<\/p>\n<h4>LASTNI\u0160TVO VSEBINE<\/h4>\n<p>Spletna stran in celotna vklju\u010dena vsebina, vendar ne izklju\u010dujo\u010da, vsi teksti in podobe (Vsebina) so last in registrirani s strani podjetja ARHI-BIRO d. o. o. ali drugih z vsemi pridr\u017eanimi pravicami, razen \u010de je napisano druga\u010de. Vse vsebine, kot so: blagovna znamka, logotip ali storitvena znamka, je tudi registrirana in neregistrirana blagovna znamka podjetja ARHI-BIRO d. o. o. ali drugih. Uporaba Vsebine, razen kot je podana v teh Pogojih uporabe, brez pisnega dovoljenja lastnika Vsebine, je strogo prepovedana. Opozarjamo tudi, da bo podjetje ARHI-BIRO d. o. o. na vse na\u010dine, predvidene v zakonu, vklju\u010dno s kazenskopravnim pregonom, strogo uveljavljala pravice intelektualne lastnine.<\/p>\n<h4>UPORABA STRANI<\/h4>\n<p>ARHI-BIRO d. o. o. dovoljuje uporabo Spletne strani, kot sledi:<\/p>\n<p>Slike se ne smejo nalo\u017eiti;<\/p>\n<ul>\n<li>Vsebino si lahko nalo\u017eite, vendar samo za nekomercialno ali osebno uporabo in pod pogojem, da tudi ohranite vsa obvestila o avtorskih pravicah in drugih lastni\u0161kih obvestilih, vsebovanih na vsebini;<\/li>\n<li>prepovedano je distribuirati, spreminjati, kopirati (razen kot je dolo\u010deno zgoraj), prena\u0161ati, razstavljati, ponovno uporabljati, reproducirati, objavljati, licencirati, ustvarjati izpeljanih del, prena\u0161ati, prodajati ali kako druga\u010de uporabljati vsebine, brez pisnega dovoljenja podjetja ARHI-BIRO d. o. o.;<\/li>\n<li>prepovedano je uporabljati Spletno stran za postavitev ali prenos materialov, ki kr\u0161ijo ali ogro\u017eajo, so la\u017eni, zavajajo\u010di, neprimerni, nadlegujejo, klevetajo, obrekujejo, so vulgarni, opolzki, \u0161kandalozni, pod\u017eigajo\u010di, pornografski ali posvetni, ali drugih materialov, ki bi lahko snovali ali spodbujali dejanje, ki bi se obravnavalo kot kazenskopravna \u017ealitev, kot povod za civilnopravno to\u017ebo, ali kakorkoli druga\u010de kr\u0161ili katerikoli zakon. ARHI-BIRO d. o. o. bo popolnoma sodelovala s pravnimi organi ali sodnimi postopki, ki bodo od nje zahtevali ali narekovali razkritje identitete vsakega, ki bo postavil ali prena\u0161al tak\u0161ne informacije ali material;<\/li>\n<li>prepovedano je uporabljati Spletno stran za namene ogla\u0161evanja ali v komercialne namene;<\/li>\n<\/ul>\n<h4>ZASEBNOST<\/h4>\n<p>Vsi osebni podatki (npr. ime, naslov, telefonska \u0161tevilka ali e-po\u0161tni naslov), ki jih posredujete na Spletno stran po elektronski po\u0161ti ali kako druga\u010de, se bodo uporabljali v skladu s pravili Zasebnosti, ki so objavljeni na tej strani. Vsaka druga komunikacija ali gradivo, ki ga posredujete na Spletno stran, kot so vpra\u0161anja, komentarji, predlogi ali podobno, se obravnavajo kot nezaupni in nelastni\u0161ki. E-po\u0161tni naslov in drugi prenosi ne bodo kodirani ali kako druga\u010de zavarovani. Predstavljate in jam\u010dite, da vse informacije, ki jih zagotavljajte v povezavi z va\u0161o uporabo Spletne strani, so in bodo ostale resni\u010dne, to\u010dne in popolne ter da boste redno ohranjali in posodabljali te informacije.<\/p>\n<h4>RAZVELJAVITEV GARANCIJ<\/h4>\n<p>Spletna stran in vsa programska oprema, storitve, vsebina in uporabni\u0161ka vsebina, ki so na voljo na spletni strani, so predmet sprememb. Zagotovljene so za vas \u201ckot je\u201d, brez garancije katerekoli vrste, bodisi izra\u017eene ali posredne, vklju\u010dno, vendar ne omejeno na, posredna jamstva za prodajo, ustrezajo dolo\u010denemu namenu, ali ne-kr\u0161itvam.<\/p>\n<p>Prosimo, upo\u0161tevajte, da nekatere zakonodaje morda ne dovoljujejo izklju\u010ditve nazna\u010denih jamstev in zato nekatere zgornje izklju\u010ditve za vas morda ne veljajo. Brez omejevanja zgoraj navedenega ARHI-BIRO d. o. o. niti ne utemeljuje niti ne predstavlja, da z uporabo Vsebine uporabnik ne bo kr\u0161il katerekoli pravice tretjih strank, niti da bo Vsebina to\u010dna, popolna ali posodobljena. Poleg tega s sklicevanjem na razprave, klepete, postavitve, prenose, elektronske table za obvestila in podobnega. ARHI-BIRO d. o. o. ne prevzema nikakr\u0161ne zakonske ali druge odgovornosti, ki izhajajo iz kakr\u0161nihkoli kr\u0161itvenih, grozilnih, la\u017enih, zavajajo\u010dih, neprimernih, vznemirjajo\u010dih, \u017ealjivih, obrekljivih, vulgarnih, opolzkih, \u0161kandaloznih, pod\u017eigajo\u010dih, pornografskih ali posvetnih oziroma katerihkoli stvari, ki bi lahko predstavljale ali spodbujale ravnanje, ki bi se obravnavalo kot kaznivo dejanje, dajalo povod za civilnopravno odgovornost ali druga\u010de kr\u0161ilo kakr\u0161enkoli zakon na katerikoli lokaciji te spletne strani.<\/p>\n<h4>IZKLJU\u010cITEV ODGOVORNOSTI<\/h4>\n<p>To Stran uporabljate na lastno odgovornost. ARHI-BIRO d. o. o. ali njeni pridru\u017eeni subjekti in drugi subjekti, ki so vklju\u010deni v ustvarjanje, reproduciranje ali izro\u010danje spletne strani in njihovi posamezni direktorji, uslu\u017ebenci, zaposleni, agenti, ter predstavniki, niso odgovorni za katerokoli neposredno, posredno, kazensko, naklju\u010dno, specialno, posledi\u010dno, svarilno in kazensko \u0161kodo, ki bi utegnila izvirati iz spletnih strani ali bi bila povezana z njeno uporabo ali njeno vsebino, naj bo osnovana na pogodbi, od\u0161kodninski odgovornosti, objektivni odgovornosti ali kako druga\u010de, \u010detudi so obve\u0161\u010deni o mo\u017enosti tak\u0161ne \u0161kode.<\/p>\n<p>Prosimo, upo\u0161tevajte, da nekatere zakonodaje morda ne dovoljujejo izklju\u010ditve nazna\u010denih jamstev, zato nekatere zgornje izklju\u010ditve za vas morda ne veljajo.<\/p>\n<h4>POVEZAVE DO SPLETNIH STRANI TRETJIH STRANK<\/h4>\n<p>Spletna stran lahko vsebuje povezave do spletnih strani, ki so v lasti ali upravljanju s strani drugih oseb. Take povezave so na voljo le v va\u0161o korist. ARHI-BIRO d. o. o. ne nadzira in ne odgovarja za vsebine, zasebnost ali varnost na teh lokacijah. Brez omejevanja zgoraj navedenega ARHI-BIRO d. o. o. izrecno zavra\u010da vsakr\u0161no odgovornost, \u0161e posebej:<\/p>\n<ul>\n<li>\u010de take strani kr\u0161ijo pravice intelektualne lastnine katerekoli tretje stranke;<br \/>\u010de so neto\u010dne, nepopolne ali zavajajo\u010de;<\/li>\n<li>\u010de niso primerne za prodajo ali za dolo\u010den namen;<\/li>\n<li>\u010de ne zagotavljajo ustrezne varnosti;<\/li>\n<li>\u010de vsebujejo viruse ali druge stvari destruktivne narave;<\/li>\n<li>\u010de so \u017ealjivi ali obrekljivi.<\/li>\n<\/ul>\n<p>ARHI-BIRO d. o. o.ne potrjuje vsebine, ali katerihkoli proizvodov ali storitev, ki so na voljo na takih straneh. \u010ce vzpostavite povezavo do tak\u0161nih spletnih strani, to storite na lastno odgovornost in brez dovoljenja od ARHI-BIRO d. o. o.<\/p>\n<h4>REVIZIJA POGOJEV UPORABE<\/h4>\n<p>ARHI-BIRO d. o. o. lahko kadarkoli in brez obvestila spremeni te Pogoje uporabe in posodobi te informacije. Vezani ste na te spremembe, zato morate za pregled veljavnih Pogojev uporabe periodi\u010dno obiskati to stran.<\/p>\n<p>Stanje: 08.9.2022<\/p>\n\t\t\n<style>\n#text-2047041494 {\n  font-size: 1rem;\n}\n<\/style>\n\t<\/div>\n\t\n\n\t\t<\/div>\n\t\t\t\t\t<\/div>\n\n\t\n\n<\/div>\n\n\t\t<\/div>\n\n\t\t\n<style>\n#section_1228820992 {\n  padding-top: 50px;\n  padding-bottom: 50px;\n}\n#section_1228820992 .ux-shape-divider--top svg {\n  height: 150px;\n  --divider-top-width: 100%;\n}\n#section_1228820992 .ux-shape-divider--bottom svg {\n  height: 150px;\n  --divider-width: 100%;\n}\n@media (min-width:550px) {\n  #section_1228820992 {\n    padding-top: 100px;\n    padding-bottom: 100px;\n  }\n}\n<\/style>\n\t<\/section>\n\t\n\n","protected":false},"excerpt":{"rendered":"","protected":false},"author":1,"featured_media":0,"parent":0,"menu_order":0,"comment_status":"closed","ping_status":"closed","template":"page-transparent-header-light.php","meta":{"footnotes":""},"class_list":["post-611","page","type-page","status-publish","hentry"],"_links":{"self":[{"href":"https:\/\/www.arhi-biro.com\/trgovina\/wp-json\/wp\/v2\/pages\/611","targetHints":{"allow":["GET"]}}],"collection":[{"href":"https:\/\/www.arhi-biro.com\/trgovina\/wp-json\/wp\/v2\/pages"}],"about":[{"href":"https:\/\/www.arhi-biro.com\/trgovina\/wp-json\/wp\/v2\/types\/page"}],"author":[{"embeddable":true,"href":"https:\/\/www.arhi-biro.com\/trgovina\/wp-json\/wp\/v2\/users\/1"}],"replies":[{"embeddable":true,"href":"https:\/\/www.arhi-biro.com\/trgovina\/wp-json\/wp\/v2\/comments?post=611"}],"version-history":[{"count":6,"href":"https:\/\/www.arhi-biro.com\/trgovina\/wp-json\/wp\/v2\/pages\/611\/revisions"}],"predecessor-version":[{"id":1377,"href":"https:\/\/www.arhi-biro.com\/trgovina\/wp-json\/wp\/v2\/pages\/611\/revisions\/1377"}],"wp:attachment":[{"href":"https:\/\/www.arhi-biro.com\/trgovina\/wp-json\/wp\/v2\/media?parent=611"}],"curies":[{"name":"wp","href":"https:\/\/api.w.org\/{rel}","templated":true}]}}