{"id":609,"date":"2022-08-25T10:08:10","date_gmt":"2022-08-25T10:08:10","guid":{"rendered":"http:\/\/trgovina.arhi-biro.si\/?page_id=609"},"modified":"2022-10-06T09:44:48","modified_gmt":"2022-10-06T09:44:48","slug":"piskotki","status":"publish","type":"page","link":"https:\/\/www.arhi-biro.com\/trgovina\/piskotki\/","title":{"rendered":"Pi\u0161kotki"},"content":{"rendered":"\n\n  <div class=\"banner has-hover\" id=\"banner-1326252019\">\n          <div class=\"banner-inner fill\">\n        <div class=\"banner-bg fill\" >\n            <div class=\"bg fill bg-fill \"><\/div>\n                        <div class=\"overlay\"><\/div>            \n                    <\/div>\n\t\t\n        <div class=\"banner-layers container\">\n            <div class=\"fill banner-link\"><\/div>            \n\n   <div id=\"text-box-1141379175\" class=\"text-box banner-layer x50 md-x50 lg-x50 y50 md-y50 lg-y50 res-text\">\n                     <div data-animate=\"flipInY\">           <div class=\"text-box-content text dark\">\n              \n              <div class=\"text-inner text-center\">\n                  \n\n<div class=\"is-divider divider clearfix\" style=\"margin-top:0px;margin-bottom:0px;max-width:50px;\"><\/div>\n\n\t<div id=\"text-4190130137\" class=\"text\">\n\t\t\n\n<h2>Pi\u0161kotki<\/h2>\n\t\t\n<style>\n#text-4190130137 {\n  font-size: 1.4rem;\n}\n<\/style>\n\t<\/div>\n\t\n\n              <\/div>\n           <\/div>\n       <\/div>                     \n<style>\n#text-box-1141379175 {\n  width: 65%;\n}\n#text-box-1141379175 .text-box-content {\n  font-size: 100%;\n}\n<\/style>\n    <\/div>\n \n\n        <\/div>\n      <\/div>\n\n            \n<style>\n#banner-1326252019 {\n  padding-top: 650px;\n}\n#banner-1326252019 .bg.bg-loaded {\n  background-image: 1022;\n}\n#banner-1326252019 .overlay {\n  background-color: rgba(0, 0, 0, 0.6);\n}\n#banner-1326252019 .bg {\n  background-position: 60% 54%;\n}\n#banner-1326252019 .ux-shape-divider--top svg {\n  height: 150px;\n  --divider-top-width: 100%;\n}\n#banner-1326252019 .ux-shape-divider--bottom svg {\n  height: 150px;\n  --divider-width: 100%;\n}\n<\/style>\n  <\/div>\n\n\n\t<section class=\"section\" id=\"section_1968697015\">\n\t\t<div class=\"bg section-bg fill bg-fill  bg-loaded\" >\n\n\t\t\t\n\t\t\t\n\t\t\t\n\n\t\t<\/div>\n\n\t\t\n\n\t\t<div class=\"section-content relative\">\n\t\t\t\n\n<div class=\"row row-large\"  id=\"row-1825895881\">\n\n\n\t<div id=\"col-1823639596\" class=\"col small-12 large-12\"  >\n\t\t\t\t<div class=\"col-inner text-left\"  >\n\t\t\t\n\t\t\t\n\n\t<div id=\"text-815792104\" class=\"text\">\n\t\t\n\n<h2>Politika uporabe pi\u0161kotkov<\/h2>\n<p>Podjetje Arhi-BIRO d.o.o. spo\u0161tuje in \u0161\u010diti va\u0161o zasebnost. V nadaljevanju preberite, kako ravnamo z va\u0161imi osebnimi podatki.<\/p>\n<p>Nameni, za katere se uporabljajo pi\u0161kotki na na\u0161em spletnem mestu:<\/p>\n<h2>Pi\u0161kotki, ki jih uporabljamo<\/h2>\n<p>Na na\u0161i spletni strani uporabljamo razli\u010dne kategorije pi\u0161kotkov, ki jih delimo na:<\/p>\n<ul>\n<li>nujne pi\u0161kotke<\/li>\n<li>analiti\u010dne pi\u0161kotke<\/li>\n<li>funkcionalne pi\u0161kotke<\/li>\n<\/ul>\n<p>Nujni pi\u0161kotki so pi\u0161kotki, brez katerih na\u0161a spletna stran ne deluje. Te pi\u0161kotki se avtomati\u010dno namestijo na va\u0161o napravo in jih ni mogo\u010de izklopiti. Nujni pi\u0161kotki vas ne morejo identificirati in skrbijo zgolj za pravilno prikazovanje spletne strani.<\/p>\n<p>Analiti\u010dni pi\u0161kotki nam omogo\u010dajo izvedbo razli\u010dnih statisti\u010dnih analiz na\u0161ega spletnega mesta. Te pi\u0161kotki se uporabljajo v anonimizirani obliki, kar pomeni da vas ne morejo identificirati. Uporabo pi\u0161kotkov lahko izklopite v brskalniku oz. pasici \u02ddupravljanje s pi\u0161kotki\u02dd na dnu na\u0161e spletne strani.<\/p>\n<p>Funkcionalni pi\u0161kotki so pi\u0161kotki, ki omogo\u010dajo razne funkcije na\u0161e spletne strani, kot je npr. nastavitev jezika, ohranjanje ko\u0161arice, ipd. Te pi\u0161kotke bomo namestili le ob va\u0161em predhodnem soglasju.<\/p>\n<p>Lastni pi\u0161kotki so pi\u0161kotki, ki pripadajo temu spletnemu mestu, in so na spletno mesto name\u0161\u010deni z na\u0161e strani oz. s strani na\u0161ih pogodbenih obdelovalcev.<\/p>\n<h2>Pi\u0161kotki se na na\u0161em spletnem mestu uporabljajo v razli\u010dne namene in sicer:<\/h2>\n<ul>\n<li>prepoznavanje uporabnika ob naslednjem obisku,<\/li>\n<li>ohranitev ocen artiklov, ki ste jih podali,<\/li>\n<li>analize spletnega mesta,<\/li>\n<li>zagotavljanje varnosti spletnega mesta<\/li>\n<li>sejni pi\u0161kotek za spremljanje in ohranjanje nakupovalne ko\u0161arice,<\/li>\n<li>pi\u0161kotek za po\u0161iljanje sporo\u010dila o nedokon\u010danem nakupu,<\/li>\n<li>delovanje video vsebin in<\/li>\n<li>delovanje klepeta na strani.<\/li>\n<\/ul>\n<h2>Urejanje nastavitev pi\u0161kotkov<\/h2>\n<p>Vi odlo\u010dite, ali boste dovolili shranjevanje pi\u0161kotkov na va\u0161i napravi.<\/p>\n<p>Ko obi\u0161\u010dete na\u0161e spletno mesto, bodo avtomati\u010dno name\u0161\u010deni zgolj nujni pi\u0161kotki in anonimizirani analiti\u010dni pi\u0161kotki.<\/p>\n<p>Kako podam soglasje?<\/p>\n<p>Ko boste na\u0161o stran obiskali prvi\u010d, se vam bo odprlo pojavno okno, kjer boste lahko izbrali ustrezne nastavitve pi\u0161kotkov. \u010ce ste na\u0161o stran \u017ee obiskali in pi\u0161kotke potrdili, lahko nastavitve spremenite tako da kliknete na pasico \u02ddupravljanje pi\u0161kotkov\u02dd na dnu na\u0161ega spletnega mesta. Zopet se bo odprlo pojavno okno, kjer boste lahko uredili nastavitve pi\u0161kotkov.<\/p>\n<p>Nastavitve za pi\u0161kotke lahko nadzirate in spreminjate v tudi va\u0161em spletnem brskalniku.<\/p>\n<p>Za informacije o nastavitvah za pi\u0161kotke izberite spletni brskalnik, ki ga uporabljate.<\/p>\n<h2>Spremembe in kontakt<\/h2>\n<p>Ta politika pi\u0161kotkov se lahko kadarkoli spremeni. Posodobljena verzija bo objavljena na: https:\/\/www.www.arhi-biro.com\/trgovina\/piskotki<\/p>\n<p>\u010ce imate kakr\u0161nakoli vpra\u0161anja ali potrebujete nadaljnje informacije o pi\u0161kotkih ali obdelavi osebnih podatkov, nas kontaktirajte na info@arhi-biro.com<\/p>\n\t\t\n<style>\n#text-815792104 {\n  font-size: 1rem;\n}\n<\/style>\n\t<\/div>\n\t\n\n\t\t<\/div>\n\t\t\t\t\t<\/div>\n\n\t\n\n<\/div>\n\n\t\t<\/div>\n\n\t\t\n<style>\n#section_1968697015 {\n  padding-top: 50px;\n  padding-bottom: 50px;\n}\n#section_1968697015 .ux-shape-divider--top svg {\n  height: 150px;\n  --divider-top-width: 100%;\n}\n#section_1968697015 .ux-shape-divider--bottom svg {\n  height: 150px;\n  --divider-width: 100%;\n}\n@media (min-width:550px) {\n  #section_1968697015 {\n    padding-top: 100px;\n    padding-bottom: 100px;\n  }\n}\n<\/style>\n\t<\/section>\n\t\n","protected":false},"excerpt":{"rendered":"","protected":false},"author":1,"featured_media":0,"parent":0,"menu_order":0,"comment_status":"closed","ping_status":"closed","template":"page-transparent-header-light.php","meta":{"footnotes":""},"class_list":["post-609","page","type-page","status-publish","hentry"],"_links":{"self":[{"href":"https:\/\/www.arhi-biro.com\/trgovina\/wp-json\/wp\/v2\/pages\/609","targetHints":{"allow":["GET"]}}],"collection":[{"href":"https:\/\/www.arhi-biro.com\/trgovina\/wp-json\/wp\/v2\/pages"}],"about":[{"href":"https:\/\/www.arhi-biro.com\/trgovina\/wp-json\/wp\/v2\/types\/page"}],"author":[{"embeddable":true,"href":"https:\/\/www.arhi-biro.com\/trgovina\/wp-json\/wp\/v2\/users\/1"}],"replies":[{"embeddable":true,"href":"https:\/\/www.arhi-biro.com\/trgovina\/wp-json\/wp\/v2\/comments?post=609"}],"version-history":[{"count":6,"href":"https:\/\/www.arhi-biro.com\/trgovina\/wp-json\/wp\/v2\/pages\/609\/revisions"}],"predecessor-version":[{"id":1376,"href":"https:\/\/www.arhi-biro.com\/trgovina\/wp-json\/wp\/v2\/pages\/609\/revisions\/1376"}],"wp:attachment":[{"href":"https:\/\/www.arhi-biro.com\/trgovina\/wp-json\/wp\/v2\/media?parent=609"}],"curies":[{"name":"wp","href":"https:\/\/api.w.org\/{rel}","templated":true}]}}