{"id":468,"date":"2022-08-18T09:38:50","date_gmt":"2022-08-18T09:38:50","guid":{"rendered":"http:\/\/trgovina.arhi-biro.si\/?page_id=468"},"modified":"2023-05-06T11:34:54","modified_gmt":"2023-05-06T11:34:54","slug":"trgovina","status":"publish","type":"page","link":"https:\/\/www.arhi-biro.com\/trgovina\/","title":{"rendered":"Trgovina"},"content":{"rendered":"\n\t<section class=\"section\" id=\"section_456829825\">\n\t\t<div class=\"bg section-bg fill bg-fill  \" >\n\n\t\t\t\n\t\t\t<div class=\"section-bg-overlay absolute fill\"><\/div>\n\t\t\t\n\n\t\t<\/div>\n\n\t\t\n\n\t\t<div class=\"section-content relative\">\n\t\t\t\n\n<div class=\"row align-center\"  id=\"row-324490480\">\n\n\n\t<div id=\"col-1079153364\" class=\"col medium-11 small-12 large-11\"  >\n\t\t\t\t<div class=\"col-inner\"  >\n\t\t\t\n\t\t\t\n\n\t<div id=\"text-171566216\" class=\"text\">\n\t\t\n\n<h1 class=\"uppercase\">Dobrodo\u0161li V SPLETNI TRGOVINI<\/h1>\n\t\t\n<style>\n#text-171566216 {\n  font-size: 1.35rem;\n  line-height: 2.05;\n  text-align: center;\n  color: rgb(255, 255, 255);\n}\n#text-171566216 > * {\n  color: rgb(255, 255, 255);\n}\n@media (min-width:550px) {\n  #text-171566216 {\n    font-size: 2.25rem;\n  }\n}\n<\/style>\n\t<\/div>\n\t\n\t<div id=\"text-882867745\" class=\"text\">\n\t\t\n\n<p>Podjetje Arhi-BIRO vam nudi nakup razli\u010dnih produktov in storitev. Zraven rezervacije sestankov nudimo tudi razna svetovanja, na katerih lahko pridobite razli\u010dne nasvete. V spletni trgovini imamo vklju\u010deno tudi ponudbo Tipk \u2013 Tipskih projektov, ki jih nudimo svojim strankam.<\/p>\n\t\t\n<style>\n#text-882867745 {\n  font-size: 1rem;\n  text-align: center;\n  color: rgb(255, 255, 255);\n}\n#text-882867745 > * {\n  color: rgb(255, 255, 255);\n}\n@media (min-width:550px) {\n  #text-882867745 {\n    font-size: 1rem;\n  }\n}\n@media (min-width:850px) {\n  #text-882867745 {\n    font-size: 1.5rem;\n  }\n}\n<\/style>\n\t<\/div>\n\t\n\n\t\t<\/div>\n\t\t\t\t\t<\/div>\n\n\t\n\n<\/div>\n\n\t\t<\/div>\n\n\t\t\n<style>\n#section_456829825 {\n  padding-top: 200px;\n  padding-bottom: 200px;\n}\n#section_456829825 .section-bg-overlay {\n  background-color: rgba(0, 0, 0, 0.57);\n}\n#section_456829825 .section-bg.bg-loaded {\n  background-image: url(https:\/\/www.arhi-biro.com\/trgovina\/wp-content\/uploads\/2023\/04\/tipka-140-trgovina.jpeg);\n}\n#section_456829825 .ux-shape-divider--top svg {\n  height: 150px;\n  --divider-top-width: 100%;\n}\n#section_456829825 .ux-shape-divider--bottom svg {\n  height: 150px;\n  --divider-width: 100%;\n}\n<\/style>\n\t<\/section>\n\t\n\t<section class=\"section\" id=\"section_52745203\">\n\t\t<div class=\"bg section-bg fill bg-fill  bg-loaded\" >\n\n\t\t\t\n\t\t\t\n\t\t\t\n\n\t\t<\/div>\n\n\t\t\n\n\t\t<div class=\"section-content relative\">\n\t\t\t\n\n<div class=\"row row-collapse row-full-width\"  id=\"row-922138116\">\n\n\n\t<div id=\"col-879926413\" class=\"col hide-for-medium medium-1 small-12 large-1\"  >\n\t\t\t\t<div class=\"col-inner\"  >\n\t\t\t\n\t\t\t\n\n\n\t\t<\/div>\n\t\t\t\t\t<\/div>\n\n\t\n\n\t<div id=\"col-1164968712\" class=\"col medium-12 small-12 large-5\"  >\n\t\t\t\t<div class=\"col-inner\"  >\n\t\t\t\n\t\t\t\n\n\t<div class=\"img has-hover x md-x lg-x y md-y lg-y\" id=\"image_1566223456\">\n\t\t\t\t\t\t\t\t<div class=\"img-inner image-cover dark\" style=\"padding-top:425px;\">\n\t\t\t<img loading=\"lazy\" decoding=\"async\" width=\"2106\" height=\"1080\" src=\"https:\/\/www.arhi-biro.com\/trgovina\/wp-content\/uploads\/2022\/09\/ALP1954.jpg\" class=\"attachment-original size-original\" alt=\"\" srcset=\"https:\/\/www.arhi-biro.com\/trgovina\/wp-content\/uploads\/2022\/09\/ALP1954.jpg 2106w, https:\/\/www.arhi-biro.com\/trgovina\/wp-content\/uploads\/2022\/09\/ALP1954-780x400.jpg 780w, https:\/\/www.arhi-biro.com\/trgovina\/wp-content\/uploads\/2022\/09\/ALP1954-1400x718.jpg 1400w, https:\/\/www.arhi-biro.com\/trgovina\/wp-content\/uploads\/2022\/09\/ALP1954-768x394.jpg 768w, https:\/\/www.arhi-biro.com\/trgovina\/wp-content\/uploads\/2022\/09\/ALP1954-1536x788.jpg 1536w, https:\/\/www.arhi-biro.com\/trgovina\/wp-content\/uploads\/2022\/09\/ALP1954-2048x1050.jpg 2048w, https:\/\/www.arhi-biro.com\/trgovina\/wp-content\/uploads\/2022\/09\/ALP1954-600x308.jpg 600w\" sizes=\"auto, (max-width: 2106px) 100vw, 2106px\" \/>\t\t\t\t\t\t\n\t\t\t\t\t<\/div>\n\t\t\t\t\t\t\t\t\n<style>\n#image_1566223456 {\n  width: 100%;\n}\n<\/style>\n\t<\/div>\n\t\n\n\n\t\t<\/div>\n\t\t\t\t\t<\/div>\n\n\t\n\n\t<div id=\"col-780665476\" class=\"col medium-12 small-12 large-5\"  >\n\t\t\t\t<div class=\"col-inner\"  >\n\t\t\t\n\t\t\t\n\n<div class=\"row row-collapse row-full-width\"  id=\"row-650976684\">\n\n\n\t<div id=\"col-156195256\" class=\"col hide-for-medium medium-1 large-1\"  >\n\t\t\t\t<div class=\"col-inner\"  >\n\t\t\t\n\t\t\t\n\n\n\t\t<\/div>\n\t\t\t\t\t<\/div>\n\n\t\n\n\t<div id=\"col-160234703\" class=\"col medium-12 small-12 large-9\"  >\n\t\t\t\t<div class=\"col-inner\"  >\n\t\t\t\n\t\t\t\n\n\t<div id=\"text-3137888546\" class=\"text pc-left-border-2\">\n\t\t\n\n<h2>Na\u0161i nasveti. Va\u0161e re\u0161itve.<\/h2>\n\t\t\n<style>\n#text-3137888546 {\n  color: rgb(255, 255, 255);\n}\n#text-3137888546 > * {\n  color: rgb(255, 255, 255);\n}\n<\/style>\n\t<\/div>\n\t\n\t<div id=\"gap-404694940\" class=\"gap-element clearfix pc-left-border-1\" style=\"display:block; height:auto;\">\n\t\t\n<style>\n#gap-404694940 {\n  padding-top: 10px;\n}\n@media (min-width:550px) {\n  #gap-404694940 {\n    padding-top: 30px;\n  }\n}\n<\/style>\n\t<\/div>\n\t\n\n\t<div id=\"text-2395027192\" class=\"text pc-left-border-1\">\n\t\t\n\n<p>Nudimo vam svetovanje pred nakupom nepremi\u010dnine, ali pred nakupom parcele.<\/p>\n\t\t\n<style>\n#text-2395027192 {\n  color: rgb(255, 255, 255);\n}\n#text-2395027192 > * {\n  color: rgb(255, 255, 255);\n}\n<\/style>\n\t<\/div>\n\t\n\t<div id=\"gap-1719894426\" class=\"gap-element clearfix pc-left-border-1\" style=\"display:block; height:auto;\">\n\t\t\n<style>\n#gap-1719894426 {\n  padding-top: 10px;\n}\n@media (min-width:550px) {\n  #gap-1719894426 {\n    padding-top: 30px;\n  }\n}\n<\/style>\n\t<\/div>\n\t\n\n\t<div id=\"text-4237931348\" class=\"text pc-left-border-1\">\n\t\t\n\n<h5>365.00\u20ac &#8211; 625.00\u20ac<\/h5>\n\t\t\n<style>\n#text-4237931348 {\n  font-size: 0.9rem;\n  color: rgb(255, 255, 255);\n}\n#text-4237931348 > * {\n  color: rgb(255, 255, 255);\n}\n<\/style>\n\t<\/div>\n\t\n\t<div id=\"gap-1751718582\" class=\"gap-element clearfix\" style=\"display:block; height:auto;\">\n\t\t\n<style>\n#gap-1751718582 {\n  padding-top: 0px;\n}\n@media (min-width:550px) {\n  #gap-1751718582 {\n    padding-top: 30px;\n  }\n}\n<\/style>\n\t<\/div>\n\t\n\n\t<div id=\"gap-939735168\" class=\"gap-element clearfix\" style=\"display:block; height:auto;\">\n\t\t\n<style>\n#gap-939735168 {\n  padding-top: 20px;\n}\n@media (min-width:550px) {\n  #gap-939735168 {\n    padding-top: 30px;\n  }\n}\n<\/style>\n\t<\/div>\n\t\n\n<a href=\"https:\/\/www.arhi-biro.com\/trgovina\/product\/tipska-hisa-d-dokumentacija\/\" target=\"_self\" class=\"button secondary is-outline\"  style=\"border-radius:10px;\">\n    <span>Preberi ve\u010d<\/span>\n  <\/a>\n\n\n\n\t\t<\/div>\n\t\t\t\t\n<style>\n#col-160234703 > .col-inner {\n  padding: 50px 10px 0 10px;\n}\n@media (min-width:550px) {\n  #col-160234703 > .col-inner {\n    padding: 0px 100px 0px 0px;\n  }\n}\n<\/style>\n\t<\/div>\n\n\t\n\n<\/div>\n\n\t\t<\/div>\n\t\t\t\t\n<style>\n#col-780665476 > .col-inner {\n  padding: 20px 5px 20px 5px;\n}\n@media (min-width:550px) {\n  #col-780665476 > .col-inner {\n    padding: 40px 20px 40px 20px;\n  }\n}\n<\/style>\n\t<\/div>\n\n\t\n\n\t<div id=\"col-1746865173\" class=\"col hide-for-medium medium-1 small-12 large-1\"  >\n\t\t\t\t<div class=\"col-inner\"  >\n\t\t\t\n\t\t\t\n\n\n\t\t<\/div>\n\t\t\t\t\t<\/div>\n\n\t\n\n\n<style>\n#row-922138116 > .col > .col-inner {\n  background-color: rgb(0, 0, 0);\n}\n<\/style>\n<\/div>\n\n\t\t<\/div>\n\n\t\t\n<style>\n#section_52745203 {\n  padding-top: 0px;\n  padding-bottom: 0px;\n  background-color: rgb(0, 0, 0);\n}\n#section_52745203 .ux-shape-divider--top svg {\n  height: 150px;\n  --divider-top-width: 100%;\n}\n#section_52745203 .ux-shape-divider--bottom svg {\n  height: 150px;\n  --divider-width: 100%;\n}\n@media (min-width:550px) {\n  #section_52745203 {\n    padding-top: 0px;\n    padding-bottom: 0px;\n  }\n}\n@media (min-width:850px) {\n  #section_52745203 {\n    padding-top: 100px;\n    padding-bottom: 100px;\n  }\n}\n<\/style>\n\t<\/section>\n\t\n\t<section class=\"section\" id=\"section_2035950711\">\n\t\t<div class=\"bg section-bg fill bg-fill  bg-loaded\" >\n\n\t\t\t\n\t\t\t\n\t\t\t\n\n\t\t<\/div>\n\n\t\t\n\n\t\t<div class=\"section-content relative\">\n\t\t\t\n\n<div class=\"row row-collapse row-full-width\"  id=\"row-2102150964\">\n\n\n\t<div id=\"col-408770769\" class=\"col hide-for-medium medium-1 small-12 large-1\"  >\n\t\t\t\t<div class=\"col-inner\"  >\n\t\t\t\n\t\t\t\n\n\n\t\t<\/div>\n\t\t\t\t\t<\/div>\n\n\t\n\n\t<div id=\"col-1669509489\" class=\"col medium-12 small-12 large-5\"  >\n\t\t\t\t<div class=\"col-inner\"  >\n\t\t\t\n\t\t\t\n\n<div class=\"row row-collapse row-full-width\"  id=\"row-875401286\">\n\n\n\t<div id=\"col-1413526465\" class=\"col medium-12 small-12 large-9\"  >\n\t\t\t\t<div class=\"col-inner\"  >\n\t\t\t\n\t\t\t\n\n\t<div id=\"text-679623095\" class=\"text pc-left-border-2\">\n\t\t\n\n<h2>Tipka. Dovr\u0161ena zasnova. <\/h2>\n\t\t\n<style>\n#text-679623095 {\n  color: rgb(255, 255, 255);\n}\n#text-679623095 > * {\n  color: rgb(255, 255, 255);\n}\n<\/style>\n\t<\/div>\n\t\n\t<div id=\"gap-277386158\" class=\"gap-element clearfix pc-left-border-1\" style=\"display:block; height:auto;\">\n\t\t\n<style>\n#gap-277386158 {\n  padding-top: 10px;\n}\n@media (min-width:550px) {\n  #gap-277386158 {\n    padding-top: 30px;\n  }\n}\n<\/style>\n\t<\/div>\n\t\n\n\t<div id=\"text-2638638152\" class=\"text pc-left-border-1\">\n\t\t\n\n<p>TIPKE so dru\u017einske hi\u0161e, ki smo jih pri na\u0161em podjetju zasnovali z mislijo na potrebe slovenskega prostora. Zasnovanje TIPK je sledilo misli, kako v najve\u010dji meri zadostiti \u010dim ve\u010d aspektov, ki jih potrebuje povpre\u010den investitor enodru\u017einske hi\u0161e v Sloveniji. Torej namen tipskega projekta je v prvi vrsti, da zadosti kvaliteten bivanjski standard, pohitri sam postopek pridobivanja dokumentacije, ki je \u017eal v Sloveniji preve\u010d zbirokratiziran in dela nemalo preglavic investitorjem, ter z preizku\u0161enimi detajli zagotovi kvalitetno izvedbo in optimalno gradnjo. V kolikor i\u0161\u010dete optimalno re\u0161itev za izvedbo va\u0161ega doma, verjamemo, da boste na\u0161li svojo sanjsko hi\u0161o v \u0161irokem spektru nabora.<\/p>\n\t\t\n<style>\n#text-2638638152 {\n  color: rgb(255, 255, 255);\n}\n#text-2638638152 > * {\n  color: rgb(255, 255, 255);\n}\n<\/style>\n\t<\/div>\n\t\n\t<div id=\"gap-47688635\" class=\"gap-element clearfix pc-left-border-1\" style=\"display:block; height:auto;\">\n\t\t\n<style>\n#gap-47688635 {\n  padding-top: 10px;\n}\n@media (min-width:550px) {\n  #gap-47688635 {\n    padding-top: 30px;\n  }\n}\n<\/style>\n\t<\/div>\n\t\n\n\t<div id=\"text-1098364041\" class=\"text pc-left-border-1\">\n\t\t\n\n<h5>2880.00\u20ac &#8211; 4550.00\u20ac<\/h5>\n\t\t\n<style>\n#text-1098364041 {\n  font-size: 0.9rem;\n  color: rgb(255, 255, 255);\n}\n#text-1098364041 > * {\n  color: rgb(255, 255, 255);\n}\n<\/style>\n\t<\/div>\n\t\n\t<div id=\"gap-389114108\" class=\"gap-element clearfix\" style=\"display:block; height:auto;\">\n\t\t\n<style>\n#gap-389114108 {\n  padding-top: 20px;\n}\n@media (min-width:550px) {\n  #gap-389114108 {\n    padding-top: 30px;\n  }\n}\n<\/style>\n\t<\/div>\n\t\n\n\t<div id=\"gap-1300434106\" class=\"gap-element clearfix\" style=\"display:block; height:auto;\">\n\t\t\n<style>\n#gap-1300434106 {\n  padding-top: 0px;\n}\n@media (min-width:550px) {\n  #gap-1300434106 {\n    padding-top: 30px;\n  }\n}\n<\/style>\n\t<\/div>\n\t\n\n<a href=\"https:\/\/www.arhi-biro.com\/tipski-projekti\/\" target=\"_self\" class=\"button secondary is-outline\"  style=\"border-radius:10px;\">\n    <span>Preberi ve\u010d<\/span>\n  <\/a>\n\n\n\n\t\t<\/div>\n\t\t\t\t\n<style>\n#col-1413526465 > .col-inner {\n  padding: 50px 10px 0px 10px;\n}\n@media (min-width:550px) {\n  #col-1413526465 > .col-inner {\n    padding: 0px 100px 0px 0px;\n  }\n}\n<\/style>\n\t<\/div>\n\n\t\n\n\t<div id=\"col-1920224706\" class=\"col hide-for-medium medium-1 large-1\"  >\n\t\t\t\t<div class=\"col-inner\"  >\n\t\t\t\n\t\t\t\n\n\n\t\t<\/div>\n\t\t\t\t\t<\/div>\n\n\t\n\n<\/div>\n\n\t\t<\/div>\n\t\t\t\t\n<style>\n#col-1669509489 > .col-inner {\n  padding: 20px 5px 20px 5px;\n}\n@media (min-width:550px) {\n  #col-1669509489 > .col-inner {\n    padding: 40px 20px 40px 20px;\n  }\n}\n<\/style>\n\t<\/div>\n\n\t\n\n\t<div id=\"col-1816202949\" class=\"col medium-12 small-12 large-5 medium-col-first\"  >\n\t\t\t\t<div class=\"col-inner\"  >\n\t\t\t\n\t\t\t\n\n\t<div class=\"img has-hover x md-x lg-x y md-y lg-y\" id=\"image_1422013012\">\n\t\t\t\t\t\t\t\t<div class=\"img-inner image-cover dark\" style=\"padding-top:425px;\">\n\t\t\t<img loading=\"lazy\" decoding=\"async\" width=\"1920\" height=\"1080\" src=\"https:\/\/www.arhi-biro.com\/trgovina\/wp-content\/uploads\/2023\/04\/tipka-100-trgovina.jpeg\" class=\"attachment-original size-original\" alt=\"\" srcset=\"https:\/\/www.arhi-biro.com\/trgovina\/wp-content\/uploads\/2023\/04\/tipka-100-trgovina.jpeg 1920w, https:\/\/www.arhi-biro.com\/trgovina\/wp-content\/uploads\/2023\/04\/tipka-100-trgovina-711x400.jpeg 711w, https:\/\/www.arhi-biro.com\/trgovina\/wp-content\/uploads\/2023\/04\/tipka-100-trgovina-1400x788.jpeg 1400w, https:\/\/www.arhi-biro.com\/trgovina\/wp-content\/uploads\/2023\/04\/tipka-100-trgovina-768x432.jpeg 768w, https:\/\/www.arhi-biro.com\/trgovina\/wp-content\/uploads\/2023\/04\/tipka-100-trgovina-1536x864.jpeg 1536w, https:\/\/www.arhi-biro.com\/trgovina\/wp-content\/uploads\/2023\/04\/tipka-100-trgovina-600x338.jpeg 600w\" sizes=\"auto, (max-width: 1920px) 100vw, 1920px\" \/>\t\t\t\t\t\t\n\t\t\t\t\t<\/div>\n\t\t\t\t\t\t\t\t\n<style>\n#image_1422013012 {\n  width: 100%;\n}\n<\/style>\n\t<\/div>\n\t\n\n\n\t\t<\/div>\n\t\t\t\t\t<\/div>\n\n\t\n\n\t<div id=\"col-22890495\" class=\"col hide-for-medium medium-1 small-12 large-1\"  >\n\t\t\t\t<div class=\"col-inner\"  >\n\t\t\t\n\t\t\t\n\n\n\t\t<\/div>\n\t\t\t\t\t<\/div>\n\n\t\n\n\n<style>\n#row-2102150964 > .col > .col-inner {\n  background-color: rgb(0, 0, 0);\n}\n<\/style>\n<\/div>\n\n\t\t<\/div>\n\n\t\t\n<style>\n#section_2035950711 {\n  padding-top: 30px;\n  padding-bottom: 30px;\n  background-color: rgb(0, 0, 0);\n}\n#section_2035950711 .ux-shape-divider--top svg {\n  height: 150px;\n  --divider-top-width: 100%;\n}\n#section_2035950711 .ux-shape-divider--bottom svg {\n  height: 150px;\n  --divider-width: 100%;\n}\n@media (min-width:850px) {\n  #section_2035950711 {\n    padding-top: 100px;\n    padding-bottom: 100px;\n  }\n}\n<\/style>\n\t<\/section>\n\t\n\n","protected":false},"excerpt":{"rendered":"","protected":false},"author":1,"featured_media":0,"parent":0,"menu_order":0,"comment_status":"closed","ping_status":"closed","template":"page-transparent-header-light.php","meta":{"footnotes":""},"class_list":["post-468","page","type-page","status-publish","hentry"],"_links":{"self":[{"href":"https:\/\/www.arhi-biro.com\/trgovina\/wp-json\/wp\/v2\/pages\/468","targetHints":{"allow":["GET"]}}],"collection":[{"href":"https:\/\/www.arhi-biro.com\/trgovina\/wp-json\/wp\/v2\/pages"}],"about":[{"href":"https:\/\/www.arhi-biro.com\/trgovina\/wp-json\/wp\/v2\/types\/page"}],"author":[{"embeddable":true,"href":"https:\/\/www.arhi-biro.com\/trgovina\/wp-json\/wp\/v2\/users\/1"}],"replies":[{"embeddable":true,"href":"https:\/\/www.arhi-biro.com\/trgovina\/wp-json\/wp\/v2\/comments?post=468"}],"version-history":[{"count":21,"href":"https:\/\/www.arhi-biro.com\/trgovina\/wp-json\/wp\/v2\/pages\/468\/revisions"}],"predecessor-version":[{"id":1421,"href":"https:\/\/www.arhi-biro.com\/trgovina\/wp-json\/wp\/v2\/pages\/468\/revisions\/1421"}],"wp:attachment":[{"href":"https:\/\/www.arhi-biro.com\/trgovina\/wp-json\/wp\/v2\/media?parent=468"}],"curies":[{"name":"wp","href":"https:\/\/api.w.org\/{rel}","templated":true}]}}